{"id":1334,"date":"2024-02-10T15:08:14","date_gmt":"2024-02-10T18:08:14","guid":{"rendered":"https:\/\/www.quimicasegura.com.br\/wp\/?page_id=1334"},"modified":"2024-02-13T23:36:24","modified_gmt":"2024-02-14T02:36:24","slug":"dicas-tecnicas","status":"publish","type":"page","link":"https:\/\/www.quimicasegura.com.br\/wp\/dicas-tecnicas\/","title":{"rendered":"Dicas T\u00e9cnicas"},"content":{"rendered":"\n<div class=\"wp-block-uagb-container uagb-block-020810a9 alignfull uagb-is-root-container\"><div class=\"uagb-container-inner-blocks-wrap\">\n<div class=\"wp-block-uagb-container uagb-block-45ec3444\">\n<div class=\"wp-block-uagb-info-box uagb-block-72e0276a uagb-infobox__content-wrap  uagb-infobox-icon-above-title uagb-infobox-image-valign-top\"><div class=\"uagb-ifb-content\"><div class=\"uagb-ifb-title-wrap\"><h1 class=\"uagb-ifb-title\">Dicas Tecnicas<\/h1><\/div><\/div><\/div>\n<\/div>\n<\/div><\/div>\n\n\n\n<div class=\"wp-block-uagb-container uagb-block-15613255 alignfull uagb-is-root-container\"><div class=\"uagb-container-inner-blocks-wrap\"><div class=\"wp-block-uagb-faq uagb-faq__outer-wrap uagb-block-3d14048e uagb-faq-icon-row uagb-faq-layout-accordion uagb-faq-expand-first-false uagb-faq-inactive-other-true uagb-faq__wrap uagb-buttons-layout-wrap uagb-faq-equal-height     \" data-faqtoggle=\"true\" role=\"tablist\"><div class=\"wp-block-uagb-faq-child uagb-faq-child__outer-wrap uagb-faq-item uagb-block-4a164aa2 \" role=\"tab\" tabindex=\"0\"><div class=\"uagb-faq-questions-button uagb-faq-questions\">\t\t\t<span class=\"uagb-icon uagb-faq-icon-wrap\">\n\t\t\t\t\t\t\t\t<svg xmlns=\"https:\/\/www.w3.org\/2000\/svg\" viewBox= \"0 0 448 512\"><path d=\"M432 256c0 17.69-14.33 32.01-32 32.01H256v144c0 17.69-14.33 31.99-32 31.99s-32-14.3-32-31.99v-144H48c-17.67 0-32-14.32-32-32.01s14.33-31.99 32-31.99H192v-144c0-17.69 14.33-32.01 32-32.01s32 14.32 32 32.01v144h144C417.7 224 432 238.3 432 256z\"><\/path><\/svg>\n\t\t\t\t\t\t\t<\/span>\n\t\t\t\t\t\t<span class=\"uagb-icon-active uagb-faq-icon-wrap\">\n\t\t\t\t\t\t\t\t<svg xmlns=\"https:\/\/www.w3.org\/2000\/svg\" viewBox= \"0 0 448 512\"><path d=\"M400 288h-352c-17.69 0-32-14.32-32-32.01s14.31-31.99 32-31.99h352c17.69 0 32 14.3 32 31.99S417.7 288 400 288z\"><\/path><\/svg>\n\t\t\t\t\t\t\t<\/span>\n\t\t\t<span class=\"uagb-question\">A PINTURA INDUSTRIAL E A SUA SEGURAN\u00c7A<\/span><\/div><div class=\"uagb-faq-content\"><p>Os servi\u00e7os de pintura normalmente envolvem v\u00e1rias classes de riscos, tanto pelo manuseio de produtos t\u00f3xicos e inflam\u00e1veis como pelos tipos de materiais ou equipamentos utilizados na prepara\u00e7\u00e3o de superf\u00edcies e na aplica\u00e7\u00e3o da tinta. Desta forma, o fator seguran\u00e7a dever\u00e1 ser analisado concomitantemente pelos fornecedores dos materiais e usu\u00e1rios. A Pintura Industrial est\u00e1 inserida no contexto das atividades de\u00a0 RISCO ELEVADO. Nenhum profissional poder\u00e1 ser considerado qualificado ou especializado se n\u00e3o levar em considera\u00e7\u00e3o \u00e0 Preven\u00e7\u00e3o de Acidentes.<\/p><\/div><\/div><div class=\"wp-block-uagb-faq-child uagb-faq-child__outer-wrap uagb-faq-item uagb-block-f0126167 \" role=\"tab\" tabindex=\"0\"><div class=\"uagb-faq-questions-button uagb-faq-questions\">\t\t\t<span class=\"uagb-icon uagb-faq-icon-wrap\">\n\t\t\t\t\t\t\t\t<svg xmlns=\"https:\/\/www.w3.org\/2000\/svg\" viewBox= \"0 0 448 512\"><path d=\"M432 256c0 17.69-14.33 32.01-32 32.01H256v144c0 17.69-14.33 31.99-32 31.99s-32-14.3-32-31.99v-144H48c-17.67 0-32-14.32-32-32.01s14.33-31.99 32-31.99H192v-144c0-17.69 14.33-32.01 32-32.01s32 14.32 32 32.01v144h144C417.7 224 432 238.3 432 256z\"><\/path><\/svg>\n\t\t\t\t\t\t\t<\/span>\n\t\t\t\t\t\t<span class=\"uagb-icon-active uagb-faq-icon-wrap\">\n\t\t\t\t\t\t\t\t<svg xmlns=\"https:\/\/www.w3.org\/2000\/svg\" viewBox= \"0 0 448 512\"><path d=\"M400 288h-352c-17.69 0-32-14.32-32-32.01s14.31-31.99 32-31.99h352c17.69 0 32 14.3 32 31.99S417.7 288 400 288z\"><\/path><\/svg>\n\t\t\t\t\t\t\t<\/span>\n\t\t\t<span class=\"uagb-question\">A FILOSOFIA DA SEGURAN\u00c7A<\/span><\/div><div class=\"uagb-faq-content\"><p>\u25ba Os acidentes n\u00e3o acontecem por acaso eles s\u00e3o causados;<br>\u25ba Os acidentes podem e devem ser prevenidos;<br>\u25ba A SEGURAN\u00c7A DOS INDIV\u00cdDUOS \u00e9 algo de m\u00e1xima import\u00e2ncia, mais do que a produ\u00e7\u00e3o, as vendas e os lucros;<br>\u25ba Em contrapartida, VOC\u00ca deve sentir-se obrigado a trabalhar e se conduzir de maneira SEGURA seja no trabalho ou fora dele.<\/p><\/div><\/div><div class=\"wp-block-uagb-faq-child uagb-faq-child__outer-wrap uagb-faq-item uagb-block-ca681a86 \" role=\"tab\" tabindex=\"0\"><div class=\"uagb-faq-questions-button uagb-faq-questions\">\t\t\t<span class=\"uagb-icon uagb-faq-icon-wrap\">\n\t\t\t\t\t\t\t\t<svg xmlns=\"https:\/\/www.w3.org\/2000\/svg\" viewBox= \"0 0 448 512\"><path d=\"M432 256c0 17.69-14.33 32.01-32 32.01H256v144c0 17.69-14.33 31.99-32 31.99s-32-14.3-32-31.99v-144H48c-17.67 0-32-14.32-32-32.01s14.33-31.99 32-31.99H192v-144c0-17.69 14.33-32.01 32-32.01s32 14.32 32 32.01v144h144C417.7 224 432 238.3 432 256z\"><\/path><\/svg>\n\t\t\t\t\t\t\t<\/span>\n\t\t\t\t\t\t<span class=\"uagb-icon-active uagb-faq-icon-wrap\">\n\t\t\t\t\t\t\t\t<svg xmlns=\"https:\/\/www.w3.org\/2000\/svg\" viewBox= \"0 0 448 512\"><path d=\"M400 288h-352c-17.69 0-32-14.32-32-32.01s14.31-31.99 32-31.99h352c17.69 0 32 14.3 32 31.99S417.7 288 400 288z\"><\/path><\/svg>\n\t\t\t\t\t\t\t<\/span>\n\t\t\t<span class=\"uagb-question\">PORQUE OS ACIDENTES ACONTECEM<\/span><\/div><div class=\"uagb-faq-content\"><p>As estat\u00edsticas demonstram que em 62% dos casos os acidentes ocorrem quando:aneira SEGURA seja no trabalho ou fora dele.<br>\u25ba N\u00e3o planejam adequadamente as opera\u00e7\u00f5es;<br>\u25ba Quando est\u00e3o com pressa;<br>\u25ba Quando s\u00e3o pressionadas para acabar logo;<br>\u25ba Por falta de treinamento ou treinamento inadequado;<br>\u25ba Por falta de comunica\u00e7\u00e3o e atitudes preventivas;<br>\u25ba Por distra\u00e7\u00f5es externas: tens\u00e3o, problemas pessoais, emo\u00e7\u00f5es, etc.<br>\u25ba Por erro humano, m\u00e1 avalia\u00e7\u00e3o ou p\u00e2nico;<br>\u25ba Condi\u00e7\u00e3o f\u00edsica deficiente: doen\u00e7as, fadiga, alcoolismo ou drogas.<br><\/p><\/div><\/div><div class=\"wp-block-uagb-faq-child uagb-faq-child__outer-wrap uagb-faq-item uagb-block-be9f238a \" role=\"tab\" tabindex=\"0\"><div class=\"uagb-faq-questions-button uagb-faq-questions\">\t\t\t<span class=\"uagb-icon uagb-faq-icon-wrap\">\n\t\t\t\t\t\t\t\t<svg xmlns=\"https:\/\/www.w3.org\/2000\/svg\" viewBox= \"0 0 448 512\"><path d=\"M432 256c0 17.69-14.33 32.01-32 32.01H256v144c0 17.69-14.33 31.99-32 31.99s-32-14.3-32-31.99v-144H48c-17.67 0-32-14.32-32-32.01s14.33-31.99 32-31.99H192v-144c0-17.69 14.33-32.01 32-32.01s32 14.32 32 32.01v144h144C417.7 224 432 238.3 432 256z\"><\/path><\/svg>\n\t\t\t\t\t\t\t<\/span>\n\t\t\t\t\t\t<span class=\"uagb-icon-active uagb-faq-icon-wrap\">\n\t\t\t\t\t\t\t\t<svg xmlns=\"https:\/\/www.w3.org\/2000\/svg\" viewBox= \"0 0 448 512\"><path d=\"M400 288h-352c-17.69 0-32-14.32-32-32.01s14.31-31.99 32-31.99h352c17.69 0 32 14.3 32 31.99S417.7 288 400 288z\"><\/path><\/svg>\n\t\t\t\t\t\t\t<\/span>\n\t\t\t<span class=\"uagb-question\">TINTAS e DILUENTES \u2013 CAUSAS DE RISCOS<\/span><\/div><div class=\"uagb-faq-content\"><p>Inflamabilidade e toxidez das tintas: Nem sempre temos a consci\u00eancia de que as tintas e os solventes s\u00e3o produtos altamente inflam\u00e1veis.<br>\u25ba Inflamabilidade \u00e9 sin\u00f4nimo de inc\u00eandio, explos\u00f5es e fatalidade;<br>\u2003\u2002\u25ba De uma forma geral, quase todas as tintas s\u00e3o inflam\u00e1veis em fun\u00e7\u00e3o da incorpora\u00e7\u00e3o de solventes e redutores, que liberam vapores inflam\u00e1veis durante a aplica\u00e7\u00e3o.<br>\u2003\u2002\u25ba As fontes principais de igni\u00e7\u00e3o s\u00e3o chamas, labaredas e fa\u00edscas, provenientes de equipamentos de solda, corte ou centelhas causadas pela interrup\u00e7\u00e3o de circuitos el\u00e9tricos.<br>\u2003\u2002\u25ba A maioria dos pigmentos inorg\u00e2nicos e cargas n\u00e3o s\u00e3o combust\u00edveis, por\u00e9m, a natureza dos aglutinantes poder\u00e1 ocasionar inflamabilidade, excetuando-se, por exemplo, os \u00e0 base de borracha clorada; copol\u00edmeros de cloreto de vinila e silicatos.<br>\u2003\u2002\u25baPanos de limpeza (toalhas, estopas de algod\u00e3o, etc.), que contenham res\u00edduos de solventes e tintas \u00e0 base de \u00f3leos secantes ou resinas alqu\u00eddicas modificadas com \u00f3leo secativo, oferecem um s\u00e9rio perigo de inc\u00eandio por combust\u00e3o espont\u00e2nea.<br><br>\u25ba Toxidez \u00a0\u2013 Significa danos \u00e0 SA\u00daDE ou a integridade f\u00edsica. A simples opera\u00e7\u00e3o de abrir uma lata de tinta ou de solvente j\u00e1 se constitui em um risco na atividade de Pintura Industrial, pois os vapores inflam\u00e1veis, t\u00f3xicos ou corrosivos, come\u00e7am a entrar em contato com o ambiente e consequentemente com o ser humano.<br>\u2003\u2002\u25ba Resinas \u2013 Resinas ep\u00f3xi, endurecedores \u00e0 base de aminas, isocianatos e poli\u00e9steres n\u00e3o saturados constituem um grupo de risco elevado;<br>Pigmentos e Cargas \u2013 Os mais perigosos s\u00e3o aqueles que cont\u00e9m chumbo (chumbo vermelho, chumbo branco, molibdato de chumbo, etc) e os cromatos (cromato de zinco) e compostos organomet\u00e1licos.<br>\u2003\u2002\u25ba Solventes e Redutores \u2013 Os vapores de solventes e redutores s\u00e3o \u201cabsorvidos\u201d por inala\u00e7\u00e3o, e constituem o mais importante grupo de elementos perigosos \u00e0 nossa sa\u00fade.<br>\u2003\u2002\u25ba Hidrocarbonetos Arom\u00e1ticos \u2013 O benzeno tem uma intensa a\u00e7\u00e3o t\u00f3xica. Outros arom\u00e1ticos comuns tais como tolueno e xileno s\u00e3o menos t\u00f3xicos.<br>\u2003\u2002\u25ba Hidrocarbonetos Clorados \u2013 Os mais t\u00f3xicos s\u00e3o: tetracloreto de carbono (agente desengordurante) e cloreto de metila.<br>\u2003\u2002\u25ba \u00c1lcoois \u2013 Metanol, propanol e butanol s\u00e3o extremamente t\u00f3xicos.<br>\u2003\u2002\u25ba \u00c9steres \u2013 As cetonas pertencem \u00e0s classes menos t\u00f3xicas.<br><\/p><\/div><\/div><div class=\"wp-block-uagb-faq-child uagb-faq-child__outer-wrap uagb-faq-item uagb-block-4e1267f4 \" role=\"tab\" tabindex=\"0\"><div class=\"uagb-faq-questions-button uagb-faq-questions\">\t\t\t<span class=\"uagb-icon uagb-faq-icon-wrap\">\n\t\t\t\t\t\t\t\t<svg xmlns=\"https:\/\/www.w3.org\/2000\/svg\" viewBox= \"0 0 448 512\"><path d=\"M432 256c0 17.69-14.33 32.01-32 32.01H256v144c0 17.69-14.33 31.99-32 31.99s-32-14.3-32-31.99v-144H48c-17.67 0-32-14.32-32-32.01s14.33-31.99 32-31.99H192v-144c0-17.69 14.33-32.01 32-32.01s32 14.32 32 32.01v144h144C417.7 224 432 238.3 432 256z\"><\/path><\/svg>\n\t\t\t\t\t\t\t<\/span>\n\t\t\t\t\t\t<span class=\"uagb-icon-active uagb-faq-icon-wrap\">\n\t\t\t\t\t\t\t\t<svg xmlns=\"https:\/\/www.w3.org\/2000\/svg\" viewBox= \"0 0 448 512\"><path d=\"M400 288h-352c-17.69 0-32-14.32-32-32.01s14.31-31.99 32-31.99h352c17.69 0 32 14.3 32 31.99S417.7 288 400 288z\"><\/path><\/svg>\n\t\t\t\t\t\t\t<\/span>\n\t\t\t<span class=\"uagb-question\">PROVID\u00caNCIAS B\u00c1SICAS QUANDO DO MANUSEIO DE TINTAS E SOLVENTES<\/span><\/div><div class=\"uagb-faq-content\"><p>\u25ba O local de trabalho deve ser isolado e sinalizado, bloqueado, limpo e arrumado. Isto minimiza os perigos vindos do exterior e alerta o pessoal para os riscos potenciais da \u00e1rea;<br>\u25ba Separar , inspecionar, levar p\/ o local de trabalho apenas o que vai se utilizar no dia<br>\u25ba Manter todas as latas fechadas e distantes das fontes de igni\u00e7\u00e3o;<br>\u25ba Utilizar apenas equipamentos pneum\u00e1ticos para a mistura das tintas;<br>\u25ba Aterramento das latas de tintas em quantidade superior ou igual a um gal\u00e3o. O simples fato de despejar o conte\u00fado de 1 gal\u00e3o ou mais dentro de uma lata, pode gerar eletricidade est\u00e1tica suficiente para provocar a igni\u00e7\u00e3o dos vapores;<br>\u25ba Todas as latas de tintas e solventes vazios, dever\u00e3o ser removidos do local de trabalho ao final de cada dia;<br>\u25ba Todas as latas e recipientes vazios devem ir para o lixo apropriado (ca\u00e7ambas) e depois recolhidas por empresas especializadas e devidamente licenciadas pelos \u00f3rg\u00e3os competentes que ter\u00e3o a corresponsabilidade de dar um destino adequado aos res\u00edduos (geralmente incinera\u00e7\u00e3o e reciclagem das embalagens).<br>\u25ba Utilizar os EPI\u2019s adequados quando da mistura e\/ou homogeneiza\u00e7\u00e3o de tintas:<br>\u2003\u2002\u25ba M\u00e1scaras descart\u00e1veis: Protege a respira\u00e7\u00e3o naso-oral, em adaptadores para o nariz e \u00e9 presa na cabe\u00e7a por el\u00e1stico: Para emuls\u00e3o de l\u00e1tex aplicado por aspers\u00e3o e tintas \u00e0 base de solventes arom\u00e1ticos por trincha ao ar livre;<br>\u2003\u2002\u25ba M\u00e1scara de cartucho com filtro de carv\u00e3o cambi\u00e1vel de respira\u00e7\u00e3o naso-oral: Para aplica\u00e7\u00e3o de tintas \u00e0 base de solventes arom\u00e1ticos por aspers\u00e3o, rolo ou trincha em espa\u00e7os confinados;<br>\u2003\u2002\u25ba M\u00e1scara com traqueia ou ar mandado: A mais eficiente \u2013 protege toda a face. A traqueia \u00e9 conectada com os elementos filtrantes \u00e0 cintura do trabalhador, o qual recebe o ar mandado do exterior, com press\u00e3o positiva regul\u00e1vel.<\/p><\/div><\/div><\/div><\/div><\/div>\n","protected":false},"excerpt":{"rendered":"","protected":false},"author":1,"featured_media":0,"parent":0,"menu_order":0,"comment_status":"closed","ping_status":"closed","template":"","meta":{"_crdt_document":"","_uag_custom_page_level_css":"","site-sidebar-layout":"default","site-content-layout":"","ast-site-content-layout":"default","site-content-style":"default","site-sidebar-style":"default","ast-global-header-display":"","ast-banner-title-visibility":"","ast-main-header-display":"","ast-hfb-above-header-display":"","ast-hfb-below-header-display":"","ast-hfb-mobile-header-display":"","site-post-title":"disabled","ast-breadcrumbs-content":"","ast-featured-img":"","footer-sml-layout":"","ast-disable-related-posts":"","theme-transparent-header-meta":"","adv-header-id-meta":"","stick-header-meta":"","header-above-stick-meta":"","header-main-stick-meta":"","header-below-stick-meta":"","astra-migrate-meta-layouts":"set","ast-page-background-enabled":"default","ast-page-background-meta":{"desktop":{"background-color":"var(--ast-global-color-4)","background-image":"","background-repeat":"repeat","background-position":"center center","background-size":"auto","background-attachment":"scroll","background-type":"","background-media":"","overlay-type":"","overlay-color":"","overlay-opacity":"","overlay-gradient":""},"tablet":{"background-color":"","background-image":"","background-repeat":"repeat","background-position":"center center","background-size":"auto","background-attachment":"scroll","background-type":"","background-media":"","overlay-type":"","overlay-color":"","overlay-opacity":"","overlay-gradient":""},"mobile":{"background-color":"","background-image":"","background-repeat":"repeat","background-position":"center center","background-size":"auto","background-attachment":"scroll","background-type":"","background-media":"","overlay-type":"","overlay-color":"","overlay-opacity":"","overlay-gradient":""}},"ast-content-background-meta":{"desktop":{"background-color":"var(--ast-global-color-5)","background-image":"","background-repeat":"repeat","background-position":"center center","background-size":"auto","background-attachment":"scroll","background-type":"","background-media":"","overlay-type":"","overlay-color":"","overlay-opacity":"","overlay-gradient":""},"tablet":{"background-color":"var(--ast-global-color-5)","background-image":"","background-repeat":"repeat","background-position":"center center","background-size":"auto","background-attachment":"scroll","background-type":"","background-media":"","overlay-type":"","overlay-color":"","overlay-opacity":"","overlay-gradient":""},"mobile":{"background-color":"var(--ast-global-color-5)","background-image":"","background-repeat":"repeat","background-position":"center center","background-size":"auto","background-attachment":"scroll","background-type":"","background-media":"","overlay-type":"","overlay-color":"","overlay-opacity":"","overlay-gradient":""}},"_joinchat":[],"footnotes":""},"class_list":["post-1334","page","type-page","status-publish","hentry"],"uagb_featured_image_src":{"full":false,"thumbnail":false,"medium":false,"medium_large":false,"large":false,"1536x1536":false,"2048x2048":false},"uagb_author_info":{"display_name":"admin","author_link":"https:\/\/www.quimicasegura.com.br\/wp\/author\/admin\/"},"uagb_comment_info":0,"uagb_excerpt":null,"_links":{"self":[{"href":"https:\/\/www.quimicasegura.com.br\/wp\/wp-json\/wp\/v2\/pages\/1334","targetHints":{"allow":["GET"]}}],"collection":[{"href":"https:\/\/www.quimicasegura.com.br\/wp\/wp-json\/wp\/v2\/pages"}],"about":[{"href":"https:\/\/www.quimicasegura.com.br\/wp\/wp-json\/wp\/v2\/types\/page"}],"author":[{"embeddable":true,"href":"https:\/\/www.quimicasegura.com.br\/wp\/wp-json\/wp\/v2\/users\/1"}],"replies":[{"embeddable":true,"href":"https:\/\/www.quimicasegura.com.br\/wp\/wp-json\/wp\/v2\/comments?post=1334"}],"version-history":[{"count":6,"href":"https:\/\/www.quimicasegura.com.br\/wp\/wp-json\/wp\/v2\/pages\/1334\/revisions"}],"predecessor-version":[{"id":1461,"href":"https:\/\/www.quimicasegura.com.br\/wp\/wp-json\/wp\/v2\/pages\/1334\/revisions\/1461"}],"wp:attachment":[{"href":"https:\/\/www.quimicasegura.com.br\/wp\/wp-json\/wp\/v2\/media?parent=1334"}],"curies":[{"name":"wp","href":"https:\/\/api.w.org\/{rel}","templated":true}]}}